{"id":1812,"date":"2020-11-03T08:27:07","date_gmt":"2020-11-03T08:27:07","guid":{"rendered":"https:\/\/chabommadeira.com\/accueil\/"},"modified":"2024-12-09T16:53:24","modified_gmt":"2024-12-09T16:53:24","slug":"accueil","status":"publish","type":"page","link":"https:\/\/chabommadeira.com\/fr\/","title":{"rendered":"Accueil"},"content":{"rendered":"\t\t<div data-elementor-type=\"wp-page\" data-elementor-id=\"1812\" class=\"elementor elementor-1812 elementor-123\">\n\t\t\t\t\t\t<section class=\"elementor-section elementor-top-section elementor-element elementor-element-41437ec elementor-section-full_width elementor-section-height-default elementor-section-height-default parallax_section_no qode_elementor_container_no\" data-id=\"41437ec\" data-element_type=\"section\">\n\t\t\t\t\t\t<div class=\"elementor-container elementor-column-gap-default\">\n\t\t\t\t\t<div class=\"elementor-column elementor-col-100 elementor-top-column elementor-element elementor-element-ed2dc41\" data-id=\"ed2dc41\" data-element_type=\"column\">\n\t\t\t<div class=\"elementor-widget-wrap elementor-element-populated\">\n\t\t\t\t\t\t<div class=\"elementor-element elementor-element-c96aa27 elementor-widget elementor-widget-bridge_vertical_portfolio_slider\" data-id=\"c96aa27\" data-element_type=\"widget\" data-widget_type=\"bridge_vertical_portfolio_slider.default\">\n\t\t\t\t<div class=\"elementor-widget-container\">\n\t\t\t\t\t<div class=\"qode-vertical-portfolio-slider swiper-container qode-vps-light\" data-options=\"{&quot;slidesPerView&quot;:1,&quot;spaceBetween&quot;:0,&quot;loop&quot;:false,&quot;mousewheel&quot;:true,&quot;autoplay&quot;:false,&quot;speed&quot;:&quot;5000&quot;,&quot;speedAnimation&quot;:&quot;800&quot;}\">\n\n\t<div class=\"swiper-wrapper\">\n\t\t\n\t\t\n<article class=\"qode-vps-item swiper-slide\">\n\t<div class=\"qode-vps-outer\" style=\"background-image: url(&quot;https:\/\/chabommadeira.com\/wp-content\/uploads\/2024\/10\/chabom_bg-green_pattern-srgb.png&quot;);\">\n\n        \r\n    <h2 class=\"qode-vps-title-one\" data-text=\"BIS CUITS\"><span class=\"qode-vps-to-first\">BIS CUITS<\/span><span class=\"qode-vps-to-second\">BIS CUITS<\/span><\/h2>\r\n\n        <div class=\"qode-vps-inner\">\n            <div class=\"qode-vps-image\">\r\n<img fetchpriority=\"high\" decoding=\"async\" width=\"1200\" height=\"1200\" src=\"https:\/\/chabommadeira.com\/wp-content\/uploads\/2024\/10\/MT_CHABOM_BroasMelCana_REC.png\" class=\"attachment-full size-full wp-post-image\" alt=\"\" srcset=\"https:\/\/chabommadeira.com\/wp-content\/uploads\/2024\/10\/MT_CHABOM_BroasMelCana_REC.png 1200w, https:\/\/chabommadeira.com\/wp-content\/uploads\/2024\/10\/MT_CHABOM_BroasMelCana_REC-300x300.png 300w, https:\/\/chabommadeira.com\/wp-content\/uploads\/2024\/10\/MT_CHABOM_BroasMelCana_REC-1024x1024.png 1024w, https:\/\/chabommadeira.com\/wp-content\/uploads\/2024\/10\/MT_CHABOM_BroasMelCana_REC-150x150.png 150w, https:\/\/chabommadeira.com\/wp-content\/uploads\/2024\/10\/MT_CHABOM_BroasMelCana_REC-768x768.png 768w, https:\/\/chabommadeira.com\/wp-content\/uploads\/2024\/10\/MT_CHABOM_BroasMelCana_REC-570x570.png 570w, https:\/\/chabommadeira.com\/wp-content\/uploads\/2024\/10\/MT_CHABOM_BroasMelCana_REC-500x500.png 500w, https:\/\/chabommadeira.com\/wp-content\/uploads\/2024\/10\/MT_CHABOM_BroasMelCana_REC-1000x1000.png 1000w, https:\/\/chabommadeira.com\/wp-content\/uploads\/2024\/10\/MT_CHABOM_BroasMelCana_REC-700x700.png 700w, https:\/\/chabommadeira.com\/wp-content\/uploads\/2024\/10\/MT_CHABOM_BroasMelCana_REC-650x650.png 650w\" sizes=\"(max-width: 1200px) 100vw, 1200px\" \/><\/div>        <\/div>\n\n        <div class=\"qode-vps-bottom\">\n            \t<div class=\"qode-read-more\">\n\n        <a href=\"https:\/\/chabommadeira.com\/fr\/products\/biscuits\/\"><span class=\"qode-read-more-icon\"><\/span>About this project<\/a>\n\t<\/div>\n            \r\n        <\/div>\n\n\t<\/div>\n<\/article>\n<article class=\"qode-vps-item swiper-slide\">\n\t<div class=\"qode-vps-outer\" style=\"background-image: url(&quot;https:\/\/chabommadeira.com\/wp-content\/uploads\/2024\/10\/chabom_bg-blue_pattern-srgb.png&quot;);\">\n\n        \r\n    <h2 class=\"qode-vps-title-one\" data-text=\"G\u00e2teux de Mad\u00e8re\"><span class=\"qode-vps-to-first\">G\u00e2teux de Mad\u00e8re<\/span><span class=\"qode-vps-to-second\">G\u00e2teux de Mad\u00e8re<\/span><\/h2>\r\n\n        <div class=\"qode-vps-inner\">\n            <div class=\"qode-vps-image\">\r\n<img decoding=\"async\" width=\"1200\" height=\"1200\" src=\"https:\/\/chabommadeira.com\/wp-content\/uploads\/2024\/10\/MT_CHABOM_BoloMel_rec.png\" class=\"attachment-full size-full wp-post-image\" alt=\"\" srcset=\"https:\/\/chabommadeira.com\/wp-content\/uploads\/2024\/10\/MT_CHABOM_BoloMel_rec.png 1200w, https:\/\/chabommadeira.com\/wp-content\/uploads\/2024\/10\/MT_CHABOM_BoloMel_rec-300x300.png 300w, https:\/\/chabommadeira.com\/wp-content\/uploads\/2024\/10\/MT_CHABOM_BoloMel_rec-1024x1024.png 1024w, https:\/\/chabommadeira.com\/wp-content\/uploads\/2024\/10\/MT_CHABOM_BoloMel_rec-150x150.png 150w, https:\/\/chabommadeira.com\/wp-content\/uploads\/2024\/10\/MT_CHABOM_BoloMel_rec-768x768.png 768w, https:\/\/chabommadeira.com\/wp-content\/uploads\/2024\/10\/MT_CHABOM_BoloMel_rec-570x570.png 570w, https:\/\/chabommadeira.com\/wp-content\/uploads\/2024\/10\/MT_CHABOM_BoloMel_rec-500x500.png 500w, https:\/\/chabommadeira.com\/wp-content\/uploads\/2024\/10\/MT_CHABOM_BoloMel_rec-1000x1000.png 1000w, https:\/\/chabommadeira.com\/wp-content\/uploads\/2024\/10\/MT_CHABOM_BoloMel_rec-700x700.png 700w, https:\/\/chabommadeira.com\/wp-content\/uploads\/2024\/10\/MT_CHABOM_BoloMel_rec-650x650.png 650w\" sizes=\"(max-width: 1200px) 100vw, 1200px\" \/><\/div>        <\/div>\n\n        <div class=\"qode-vps-bottom\">\n            \t<div class=\"qode-read-more\">\n\n        <a href=\"https:\/\/chabommadeira.com\/fr\/products\/gateaux-de-madere\/\"><span class=\"qode-read-more-icon\"><\/span>About this project<\/a>\n\t<\/div>\n            \r\n        <\/div>\n\n\t<\/div>\n<\/article>\n<article class=\"qode-vps-item swiper-slide\">\n\t<div class=\"qode-vps-outer\" style=\"background-image: url(&quot;https:\/\/chabommadeira.com\/wp-content\/uploads\/2024\/10\/chabom_bg-yellow_pattern-srgb.png&quot;);\">\n\n        \r\n    <h2 class=\"qode-vps-title-one\" data-text=\"CHOCO LATS\"><span class=\"qode-vps-to-first\">CHOCO LATS<\/span><span class=\"qode-vps-to-second\">CHOCO LATS<\/span><\/h2>\r\n\n        <div class=\"qode-vps-inner\">\n            <div class=\"qode-vps-image\">\r\n<img decoding=\"async\" width=\"1200\" height=\"1200\" src=\"https:\/\/chabommadeira.com\/wp-content\/uploads\/2024\/10\/chabom-chocolates_slider_03.png\" class=\"attachment-full size-full wp-post-image\" alt=\"\" srcset=\"https:\/\/chabommadeira.com\/wp-content\/uploads\/2024\/10\/chabom-chocolates_slider_03.png 1200w, https:\/\/chabommadeira.com\/wp-content\/uploads\/2024\/10\/chabom-chocolates_slider_03-300x300.png 300w, https:\/\/chabommadeira.com\/wp-content\/uploads\/2024\/10\/chabom-chocolates_slider_03-1024x1024.png 1024w, https:\/\/chabommadeira.com\/wp-content\/uploads\/2024\/10\/chabom-chocolates_slider_03-150x150.png 150w, https:\/\/chabommadeira.com\/wp-content\/uploads\/2024\/10\/chabom-chocolates_slider_03-768x768.png 768w, https:\/\/chabommadeira.com\/wp-content\/uploads\/2024\/10\/chabom-chocolates_slider_03-570x570.png 570w, https:\/\/chabommadeira.com\/wp-content\/uploads\/2024\/10\/chabom-chocolates_slider_03-500x500.png 500w, https:\/\/chabommadeira.com\/wp-content\/uploads\/2024\/10\/chabom-chocolates_slider_03-1000x1000.png 1000w, https:\/\/chabommadeira.com\/wp-content\/uploads\/2024\/10\/chabom-chocolates_slider_03-700x700.png 700w, https:\/\/chabommadeira.com\/wp-content\/uploads\/2024\/10\/chabom-chocolates_slider_03-650x650.png 650w\" sizes=\"(max-width: 1200px) 100vw, 1200px\" \/><\/div>        <\/div>\n\n        <div class=\"qode-vps-bottom\">\n            \t<div class=\"qode-read-more\">\n\n        <a href=\"https:\/\/chabommadeira.com\/fr\/products\/chocolats\/\"><span class=\"qode-read-more-icon\"><\/span>About this project<\/a>\n\t<\/div>\n            \r\n        <\/div>\n\n\t<\/div>\n<\/article>\n<article class=\"qode-vps-item swiper-slide\">\n\t<div class=\"qode-vps-outer\" style=\"background-image: url(&quot;https:\/\/chabommadeira.com\/wp-content\/uploads\/2024\/10\/chabom_bg-red_pattern-srgb.png&quot;);\">\n\n        \r\n    <h2 class=\"qode-vps-title-one\" data-text=\"BON BONS\"><span class=\"qode-vps-to-first\">BON BONS<\/span><span class=\"qode-vps-to-second\">BON BONS<\/span><\/h2>\r\n\n        <div class=\"qode-vps-inner\">\n            <div class=\"qode-vps-image\">\r\n<img loading=\"lazy\" decoding=\"async\" width=\"1200\" height=\"1200\" src=\"https:\/\/chabommadeira.com\/wp-content\/uploads\/2024\/10\/chabom-rebucados-5.png\" class=\"attachment-full size-full wp-post-image\" alt=\"\" srcset=\"https:\/\/chabommadeira.com\/wp-content\/uploads\/2024\/10\/chabom-rebucados-5.png 1200w, https:\/\/chabommadeira.com\/wp-content\/uploads\/2024\/10\/chabom-rebucados-5-300x300.png 300w, https:\/\/chabommadeira.com\/wp-content\/uploads\/2024\/10\/chabom-rebucados-5-100x100.png 100w, https:\/\/chabommadeira.com\/wp-content\/uploads\/2024\/10\/chabom-rebucados-5-600x600.png 600w, https:\/\/chabommadeira.com\/wp-content\/uploads\/2024\/10\/chabom-rebucados-5-1024x1024.png 1024w, https:\/\/chabommadeira.com\/wp-content\/uploads\/2024\/10\/chabom-rebucados-5-150x150.png 150w, https:\/\/chabommadeira.com\/wp-content\/uploads\/2024\/10\/chabom-rebucados-5-768x768.png 768w, https:\/\/chabommadeira.com\/wp-content\/uploads\/2024\/10\/chabom-rebucados-5-570x570.png 570w, https:\/\/chabommadeira.com\/wp-content\/uploads\/2024\/10\/chabom-rebucados-5-500x500.png 500w, https:\/\/chabommadeira.com\/wp-content\/uploads\/2024\/10\/chabom-rebucados-5-1000x1000.png 1000w, https:\/\/chabommadeira.com\/wp-content\/uploads\/2024\/10\/chabom-rebucados-5-700x700.png 700w, https:\/\/chabommadeira.com\/wp-content\/uploads\/2024\/10\/chabom-rebucados-5-650x650.png 650w\" sizes=\"(max-width: 1200px) 100vw, 1200px\" \/><\/div>        <\/div>\n\n        <div class=\"qode-vps-bottom\">\n            \t<div class=\"qode-read-more\">\n\n        <a href=\"https:\/\/chabommadeira.com\/fr\/products\/bonbons\/\"><span class=\"qode-read-more-icon\"><\/span>About this project<\/a>\n\t<\/div>\n            \r\n        <\/div>\n\n\t<\/div>\n<\/article>\t\t\n\t<\/div>\n\n    <div class=\"swiper-pagination\"><\/div>\n\t\n<\/div>\t\t\t\t<\/div>\n\t\t\t\t<\/div>\n\t\t\t\t\t<\/div>\n\t\t<\/div>\n\t\t\t\t\t<\/div>\n\t\t<\/section>\n\t\t\t\t<\/div>\n\t\t","protected":false},"excerpt":{"rendered":"<p>About this project G\u00e2teux de Mad\u00e8reG\u00e2teux de Mad\u00e8re About this project About this project About this project<\/p>\n","protected":false},"author":1,"featured_media":1813,"parent":0,"menu_order":0,"comment_status":"closed","ping_status":"closed","template":"full_width.php","meta":{"footnotes":""},"class_list":["post-1812","page","type-page","status-publish","has-post-thumbnail","hentry"],"_links":{"self":[{"href":"https:\/\/chabommadeira.com\/fr\/wp-json\/wp\/v2\/pages\/1812","targetHints":{"allow":["GET"]}}],"collection":[{"href":"https:\/\/chabommadeira.com\/fr\/wp-json\/wp\/v2\/pages"}],"about":[{"href":"https:\/\/chabommadeira.com\/fr\/wp-json\/wp\/v2\/types\/page"}],"author":[{"embeddable":true,"href":"https:\/\/chabommadeira.com\/fr\/wp-json\/wp\/v2\/users\/1"}],"replies":[{"embeddable":true,"href":"https:\/\/chabommadeira.com\/fr\/wp-json\/wp\/v2\/comments?post=1812"}],"version-history":[{"count":7,"href":"https:\/\/chabommadeira.com\/fr\/wp-json\/wp\/v2\/pages\/1812\/revisions"}],"predecessor-version":[{"id":1952,"href":"https:\/\/chabommadeira.com\/fr\/wp-json\/wp\/v2\/pages\/1812\/revisions\/1952"}],"wp:featuredmedia":[{"embeddable":true,"href":"https:\/\/chabommadeira.com\/fr\/wp-json\/wp\/v2\/media\/1813"}],"wp:attachment":[{"href":"https:\/\/chabommadeira.com\/fr\/wp-json\/wp\/v2\/media?parent=1812"}],"curies":[{"name":"wp","href":"https:\/\/api.w.org\/{rel}","templated":true}]}}