{"id":2096,"date":"2020-11-03T16:36:12","date_gmt":"2020-11-03T16:36:12","guid":{"rendered":"https:\/\/chabommadeira.com\/a-propos-de-nous\/"},"modified":"2024-12-10T15:57:35","modified_gmt":"2024-12-10T15:57:35","slug":"a-propos-de-nous","status":"publish","type":"page","link":"https:\/\/chabommadeira.com\/fr\/a-propos-de-nous\/","title":{"rendered":"\u00c1 Propos de Nous"},"content":{"rendered":"\t\t<div data-elementor-type=\"wp-page\" data-elementor-id=\"2096\" class=\"elementor elementor-2096 elementor-37\">\n\t\t\t\t\t\t<section class=\"elementor-section elementor-top-section elementor-element elementor-element-2646480 elementor-section-full_width qode_elementor_container_inner elementor-section-height-default elementor-section-height-default parallax_section_no\" data-id=\"2646480\" data-element_type=\"section\">\n\t\t\t\t\t\t<div class=\"elementor-container elementor-column-gap-wide\">\n\t\t\t\t\t<div class=\"elementor-column elementor-col-50 elementor-top-column elementor-element elementor-element-2d52241\" data-id=\"2d52241\" data-element_type=\"column\">\n\t\t\t<div class=\"elementor-widget-wrap elementor-element-populated\">\n\t\t\t\t\t\t<div class=\"elementor-element elementor-element-89f78cb elementor-widget elementor-widget-image\" data-id=\"89f78cb\" data-element_type=\"widget\" data-widget_type=\"image.default\">\n\t\t\t\t<div class=\"elementor-widget-container\">\n\t\t\t\t\t\t\t\t\t\t\t\t\t\t\t<img fetchpriority=\"high\" decoding=\"async\" width=\"800\" height=\"1000\" src=\"https:\/\/chabommadeira.com\/wp-content\/uploads\/2024\/10\/chabom-chef-julio-pereira-800x1000.jpg\" class=\"attachment-portfolio_masonry_large size-portfolio_masonry_large wp-image-2097\" alt=\"\" \/>\t\t\t\t\t\t\t\t\t\t\t\t\t\t\t<\/div>\n\t\t\t\t<\/div>\n\t\t\t\t\t<\/div>\n\t\t<\/div>\n\t\t\t\t<div class=\"elementor-column elementor-col-50 elementor-top-column elementor-element elementor-element-d92e13a\" data-id=\"d92e13a\" data-element_type=\"column\">\n\t\t\t<div class=\"elementor-widget-wrap elementor-element-populated\">\n\t\t\t\t\t\t<div class=\"elementor-element elementor-element-8b08603 elementor-widget elementor-widget-heading\" data-id=\"8b08603\" data-element_type=\"widget\" data-widget_type=\"heading.default\">\n\t\t\t\t<div class=\"elementor-widget-container\">\n\t\t\t\t\t<h3 class=\"elementor-heading-title elementor-size-default\">Fond\u00e9e en 1983<\/h3>\t\t\t\t<\/div>\n\t\t\t\t<\/div>\n\t\t\t\t<div class=\"elementor-element elementor-element-72a3209 elementor-widget elementor-widget-spacer\" data-id=\"72a3209\" data-element_type=\"widget\" data-widget_type=\"spacer.default\">\n\t\t\t\t<div class=\"elementor-widget-container\">\n\t\t\t\t\t\t\t<div class=\"elementor-spacer\">\n\t\t\t<div class=\"elementor-spacer-inner\"><\/div>\n\t\t<\/div>\n\t\t\t\t\t\t<\/div>\n\t\t\t\t<\/div>\n\t\t\t\t<div class=\"elementor-element elementor-element-8c01d5c elementor-widget elementor-widget-text-editor\" data-id=\"8c01d5c\" data-element_type=\"widget\" data-widget_type=\"text-editor.default\">\n\t\t\t\t<div class=\"elementor-widget-container\">\n\t\t\t\t\t\t\t\t\t<p>\u00e0 Funchal, sous le nom de <strong>F\u00e1brica Ch\u00e1bom<\/strong>, sp\u00e9cialis\u00e9e dans la production de g\u00e2teaux et de biscuits \u00e0 la canne \u00e0 sucre. Le succ\u00e8s de l&rsquo;entreprise est d\u00fb \u00e0 la combinaison de la qualit\u00e9 de ses produits avec la saveur et la tradition familiale de nos recettes. <\/p>\n\t\t\t\t\t\t\t\t<\/div>\n\t\t\t\t<\/div>\n\t\t\t\t<div class=\"elementor-element elementor-element-d9f7a8c elementor-widget elementor-widget-spacer\" data-id=\"d9f7a8c\" data-element_type=\"widget\" data-widget_type=\"spacer.default\">\n\t\t\t\t<div class=\"elementor-widget-container\">\n\t\t\t\t\t\t\t<div class=\"elementor-spacer\">\n\t\t\t<div class=\"elementor-spacer-inner\"><\/div>\n\t\t<\/div>\n\t\t\t\t\t\t<\/div>\n\t\t\t\t<\/div>\n\t\t\t\t<div class=\"elementor-element elementor-element-850cc1d elementor-widget elementor-widget-heading\" data-id=\"850cc1d\" data-element_type=\"widget\" data-widget_type=\"heading.default\">\n\t\t\t\t<div class=\"elementor-widget-container\">\n\t\t\t\t\t<h3 class=\"elementor-heading-title elementor-size-default\">Pionnier<\/h3>\t\t\t\t<\/div>\n\t\t\t\t<\/div>\n\t\t\t\t<div class=\"elementor-element elementor-element-4223717 elementor-widget elementor-widget-spacer\" data-id=\"4223717\" data-element_type=\"widget\" data-widget_type=\"spacer.default\">\n\t\t\t\t<div class=\"elementor-widget-container\">\n\t\t\t\t\t\t\t<div class=\"elementor-spacer\">\n\t\t\t<div class=\"elementor-spacer-inner\"><\/div>\n\t\t<\/div>\n\t\t\t\t\t\t<\/div>\n\t\t\t\t<\/div>\n\t\t\t\t<div class=\"elementor-element elementor-element-eb3032d elementor-widget elementor-widget-text-editor\" data-id=\"eb3032d\" data-element_type=\"widget\" data-widget_type=\"text-editor.default\">\n\t\t\t\t<div class=\"elementor-widget-container\">\n\t\t\t\t\t\t\t\t\t<p>dans la commercialisation de ces produits, qui \u00e9taient auparavant consomm\u00e9s de mani\u00e8re saisonni\u00e8re. C&rsquo;est avec Ch\u00e1bom que nous avons commenc\u00e9 \u00e0 consommer ces d\u00e9lices r\u00e9gionaux tout au long de l&rsquo;ann\u00e9e, \u00e0 la fois chez les Mad\u00e9riens et chez les touristes qui nous rendent toujours visite. Outre les c\u00e9l\u00e8bres g\u00e2teaux au miel et le pain de ma\u00efs, l&rsquo;entreprise s&rsquo;est \u00e9galement sp\u00e9cialis\u00e9e dans une gamme de chocolats, de confiseries artisanales et d&rsquo;autres produits \u00e0 base de pain de ma\u00efs, aux saveurs typiques de la r\u00e9gion.  <\/p>\n\t\t\t\t\t\t\t\t<\/div>\n\t\t\t\t<\/div>\n\t\t\t\t<div class=\"elementor-element elementor-element-eb983c3 elementor-widget elementor-widget-spacer\" data-id=\"eb983c3\" data-element_type=\"widget\" data-widget_type=\"spacer.default\">\n\t\t\t\t<div class=\"elementor-widget-container\">\n\t\t\t\t\t\t\t<div class=\"elementor-spacer\">\n\t\t\t<div class=\"elementor-spacer-inner\"><\/div>\n\t\t<\/div>\n\t\t\t\t\t\t<\/div>\n\t\t\t\t<\/div>\n\t\t\t\t<div class=\"elementor-element elementor-element-3a12b48 elementor-widget elementor-widget-heading\" data-id=\"3a12b48\" data-element_type=\"widget\" data-widget_type=\"heading.default\">\n\t\t\t\t<div class=\"elementor-widget-container\">\n\t\t\t\t\t<h3 class=\"elementor-heading-title elementor-size-default\">Depuis 40 ans<\/h3>\t\t\t\t<\/div>\n\t\t\t\t<\/div>\n\t\t\t\t<div class=\"elementor-element elementor-element-b75fd7d elementor-widget elementor-widget-spacer\" data-id=\"b75fd7d\" data-element_type=\"widget\" data-widget_type=\"spacer.default\">\n\t\t\t\t<div class=\"elementor-widget-container\">\n\t\t\t\t\t\t\t<div class=\"elementor-spacer\">\n\t\t\t<div class=\"elementor-spacer-inner\"><\/div>\n\t\t<\/div>\n\t\t\t\t\t\t<\/div>\n\t\t\t\t<\/div>\n\t\t\t\t<div class=\"elementor-element elementor-element-c2df16f elementor-widget elementor-widget-text-editor\" data-id=\"c2df16f\" data-element_type=\"widget\" data-widget_type=\"text-editor.default\">\n\t\t\t\t<div class=\"elementor-widget-container\">\n\t\t\t\t\t\t\t\t\t<p>nous avons conserv\u00e9 une saveur traditionnellement inimitable et, en plus de vendre leurs produits dans l&rsquo;usine m\u00eame, ils entretiennent une relation de longue date avec des distributeurs r\u00e9gionaux, nationaux et, depuis peu, internationaux, contribuant ainsi \u00e0 la pr\u00e9servation de l&rsquo;identit\u00e9 culturelle de l&rsquo;\u00eele dans le monde entier.<\/p>\n\t\t\t\t\t\t\t\t<\/div>\n\t\t\t\t<\/div>\n\t\t\t\t<div class=\"elementor-element elementor-element-07260fa elementor-widget elementor-widget-spacer\" data-id=\"07260fa\" data-element_type=\"widget\" data-widget_type=\"spacer.default\">\n\t\t\t\t<div class=\"elementor-widget-container\">\n\t\t\t\t\t\t\t<div class=\"elementor-spacer\">\n\t\t\t<div class=\"elementor-spacer-inner\"><\/div>\n\t\t<\/div>\n\t\t\t\t\t\t<\/div>\n\t\t\t\t<\/div>\n\t\t\t\t<div class=\"elementor-element elementor-element-c4d1fc2 elementor-widget elementor-widget-heading\" data-id=\"c4d1fc2\" data-element_type=\"widget\" data-widget_type=\"heading.default\">\n\t\t\t\t<div class=\"elementor-widget-container\">\n\t\t\t\t\t<h3 class=\"elementor-heading-title elementor-size-default\">Et aujourd'hui<\/h3>\t\t\t\t<\/div>\n\t\t\t\t<\/div>\n\t\t\t\t<div class=\"elementor-element elementor-element-d375b25 elementor-widget elementor-widget-spacer\" data-id=\"d375b25\" data-element_type=\"widget\" data-widget_type=\"spacer.default\">\n\t\t\t\t<div class=\"elementor-widget-container\">\n\t\t\t\t\t\t\t<div class=\"elementor-spacer\">\n\t\t\t<div class=\"elementor-spacer-inner\"><\/div>\n\t\t<\/div>\n\t\t\t\t\t\t<\/div>\n\t\t\t\t<\/div>\n\t\t\t\t<div class=\"elementor-element elementor-element-8308b65 elementor-widget elementor-widget-text-editor\" data-id=\"8308b65\" data-element_type=\"widget\" data-widget_type=\"text-editor.default\">\n\t\t\t\t<div class=\"elementor-widget-container\">\n\t\t\t\t\t\t\t\t\t<p>apr\u00e8s avoir \u00e9t\u00e9 rachet\u00e9e en 2023 par le chef J\u00falio Pereira, maintient son engagement \u00e0 pr\u00e9server les recettes et les techniques culinaires ancestrales.<\/p>\n\t\t\t\t\t\t\t\t<\/div>\n\t\t\t\t<\/div>\n\t\t\t\t\t<\/div>\n\t\t<\/div>\n\t\t\t\t\t<\/div>\n\t\t<\/section>\n\t\t<div class=\"elementor-element elementor-element-b9445b5 e-flex e-con-boxed parallax_section_no qode_elementor_container_no e-con e-parent\" data-id=\"b9445b5\" data-element_type=\"container\">\n\t\t\t\t\t<div class=\"e-con-inner\">\n\t\t\t\t<div class=\"elementor-element elementor-element-0b4cef2 elementor-widget elementor-widget-spacer\" data-id=\"0b4cef2\" data-element_type=\"widget\" data-widget_type=\"spacer.default\">\n\t\t\t\t<div class=\"elementor-widget-container\">\n\t\t\t\t\t\t\t<div class=\"elementor-spacer\">\n\t\t\t<div class=\"elementor-spacer-inner\"><\/div>\n\t\t<\/div>\n\t\t\t\t\t\t<\/div>\n\t\t\t\t<\/div>\n\t\t\t\t\t<\/div>\n\t\t\t\t<\/div>\n\t\t\t\t<\/div>\n\t\t","protected":false},"excerpt":{"rendered":"<p>Fond\u00e9e en 1983 \u00e0 Funchal, sous le nom de F\u00e1brica Ch\u00e1bom, sp\u00e9cialis\u00e9e dans la production de g\u00e2teaux et de biscuits \u00e0 la canne \u00e0 sucre. Le succ\u00e8s de l&rsquo;entreprise est d\u00fb \u00e0 la combinaison de la qualit\u00e9 de ses produits avec la saveur et la&#8230;<\/p>\n","protected":false},"author":1,"featured_media":0,"parent":0,"menu_order":0,"comment_status":"closed","ping_status":"closed","template":"full_width.php","meta":{"footnotes":""},"class_list":["post-2096","page","type-page","status-publish","hentry"],"_links":{"self":[{"href":"https:\/\/chabommadeira.com\/fr\/wp-json\/wp\/v2\/pages\/2096","targetHints":{"allow":["GET"]}}],"collection":[{"href":"https:\/\/chabommadeira.com\/fr\/wp-json\/wp\/v2\/pages"}],"about":[{"href":"https:\/\/chabommadeira.com\/fr\/wp-json\/wp\/v2\/types\/page"}],"author":[{"embeddable":true,"href":"https:\/\/chabommadeira.com\/fr\/wp-json\/wp\/v2\/users\/1"}],"replies":[{"embeddable":true,"href":"https:\/\/chabommadeira.com\/fr\/wp-json\/wp\/v2\/comments?post=2096"}],"version-history":[{"count":1,"href":"https:\/\/chabommadeira.com\/fr\/wp-json\/wp\/v2\/pages\/2096\/revisions"}],"predecessor-version":[{"id":2098,"href":"https:\/\/chabommadeira.com\/fr\/wp-json\/wp\/v2\/pages\/2096\/revisions\/2098"}],"wp:attachment":[{"href":"https:\/\/chabommadeira.com\/fr\/wp-json\/wp\/v2\/media?parent=2096"}],"curies":[{"name":"wp","href":"https:\/\/api.w.org\/{rel}","templated":true}]}}