{"id":2349,"date":"2025-02-07T16:27:21","date_gmt":"2025-02-07T16:27:21","guid":{"rendered":"https:\/\/chabommadeira.com\/blog\/"},"modified":"2025-02-16T22:56:25","modified_gmt":"2025-02-16T22:56:25","slug":"blog","status":"publish","type":"page","link":"https:\/\/chabommadeira.com\/fr\/blog\/","title":{"rendered":"Blog"},"content":{"rendered":"\t\t<div data-elementor-type=\"wp-page\" data-elementor-id=\"2349\" class=\"elementor elementor-2349 elementor-2270\">\n\t\t\t\t\t\t<section class=\"elementor-section elementor-top-section elementor-element elementor-element-2646480 elementor-section-full_width qode_elementor_container_inner elementor-section-height-default elementor-section-height-default parallax_section_no\" data-id=\"2646480\" data-element_type=\"section\">\n\t\t\t\t\t\t<div class=\"elementor-container elementor-column-gap-wide\">\n\t\t\t\t\t<div class=\"elementor-column elementor-col-100 elementor-top-column elementor-element elementor-element-d92e13a\" data-id=\"d92e13a\" data-element_type=\"column\">\n\t\t\t<div class=\"elementor-widget-wrap elementor-element-populated\">\n\t\t\t\t\t\t<div class=\"elementor-element elementor-element-8b08603 elementor-widget elementor-widget-heading\" data-id=\"8b08603\" data-element_type=\"widget\" data-widget_type=\"heading.default\">\n\t\t\t\t<div class=\"elementor-widget-container\">\n\t\t\t\t\t<h3 class=\"elementor-heading-title elementor-size-default\">BLOG<\/h3>\t\t\t\t<\/div>\n\t\t\t\t<\/div>\n\t\t\t\t<div class=\"elementor-element elementor-element-72a3209 elementor-widget elementor-widget-spacer\" data-id=\"72a3209\" data-element_type=\"widget\" data-widget_type=\"spacer.default\">\n\t\t\t\t<div class=\"elementor-widget-container\">\n\t\t\t\t\t\t\t<div class=\"elementor-spacer\">\n\t\t\t<div class=\"elementor-spacer-inner\"><\/div>\n\t\t<\/div>\n\t\t\t\t\t\t<\/div>\n\t\t\t\t<\/div>\n\t\t\t\t<div class=\"elementor-element elementor-element-04d8218 elementor-widget elementor-widget-qi_addons_for_elementor_blog_list\" data-id=\"04d8218\" data-element_type=\"widget\" data-widget_type=\"qi_addons_for_elementor_blog_list.default\">\n\t\t\t\t<div class=\"elementor-widget-container\">\n\t\t\t\t\t<div class=\"qodef-shortcode qodef-m qodef-addons-blog-list qodef-info-no-icons qodef-image--hover-zoom qodef-qi-grid qodef-layout--qi-columns qodef-col-num--3 qodef-item-layout--boxed qodef-responsive--predefined\" >\n\t<div class=\"qodef-grid-inner\">\n\t\t<article class=\"qodef-e qodef-blog-item qodef-grid-item qodef-item--full post-2304 post type-post status-publish format-standard has-post-thumbnail hentry category-blog-fr\">\n\t<div class=\"qodef-e-inner\">\n\t\t<div class=\"qodef-e-media-holder\">\n\t\t\t<div class=\"qodef-e-media\">\n\t\t<div class=\"qodef-e-media-image\">\n\t\t<a itemprop=\"url\" href=\"https:\/\/chabommadeira.com\/fr\/lile-de-madere-un-paradis-tropical-dans-latlantique\/\">\n\t\t\t<img fetchpriority=\"high\" decoding=\"async\" width=\"2560\" height=\"1440\" src=\"https:\/\/chabommadeira.com\/wp-content\/uploads\/2025\/02\/tim-roosjen-d4pCGPsFz8A-unsplash-scaled-1.jpg\" class=\"attachment-full size-full\" alt=\"\" srcset=\"https:\/\/chabommadeira.com\/wp-content\/uploads\/2025\/02\/tim-roosjen-d4pCGPsFz8A-unsplash-scaled-1.jpg 2560w, https:\/\/chabommadeira.com\/wp-content\/uploads\/2025\/02\/tim-roosjen-d4pCGPsFz8A-unsplash-scaled-1-300x169.jpg 300w, https:\/\/chabommadeira.com\/wp-content\/uploads\/2025\/02\/tim-roosjen-d4pCGPsFz8A-unsplash-scaled-1-1024x576.jpg 1024w, https:\/\/chabommadeira.com\/wp-content\/uploads\/2025\/02\/tim-roosjen-d4pCGPsFz8A-unsplash-scaled-1-768x432.jpg 768w, https:\/\/chabommadeira.com\/wp-content\/uploads\/2025\/02\/tim-roosjen-d4pCGPsFz8A-unsplash-scaled-1-1536x864.jpg 1536w, https:\/\/chabommadeira.com\/wp-content\/uploads\/2025\/02\/tim-roosjen-d4pCGPsFz8A-unsplash-scaled-1-2048x1152.jpg 2048w, https:\/\/chabommadeira.com\/wp-content\/uploads\/2025\/02\/tim-roosjen-d4pCGPsFz8A-unsplash-scaled-1-700x394.jpg 700w, https:\/\/chabommadeira.com\/wp-content\/uploads\/2025\/02\/tim-roosjen-d4pCGPsFz8A-unsplash-scaled-1-539x303.jpg 539w\" sizes=\"(max-width: 2560px) 100vw, 2560px\" \/>\t\t<\/a>\n\t\t\t<\/div>\n<\/div>\n\t\t<\/div>\n\t\t<div class=\"qodef-e-content\">\n\t\t\t\t\t\t<div class=\"qodef-e-text\">\n\t\t\t\t<h5 itemprop=\"name\" class=\"qodef-e-title entry-title\">\n\t<a itemprop=\"url\" class=\"qodef-e-title-link\" href=\"https:\/\/chabommadeira.com\/fr\/lile-de-madere-un-paradis-tropical-dans-latlantique\/\">\n\t\tL&rsquo;\u00eele de Mad\u00e8re : Un paradis tropical dans l\u2019Atlantique\t<\/a>\n<\/h5>\n\t\t<p itemprop=\"description\" class=\"qodef-e-excerpt\">\n\t\t\tL&rsquo;\u00eele de Mad\u00e8re, connue sous le nom de \u00ab Perle de l&rsquo;Atlantique \u00bb, est une destination qui enchante les visiteurs par sa beaut\u00e9 exub\u00e9rante et son climat tropical u\t\t<\/p>\n\t\t\t\t<\/div>\n\t\t\t\t\t\t\t<div class=\"qodef-e-info qodef-info--bottom\">\n\t\t\t\t\t\t<div class=\"qodef-e-read-more\">\n\t\t<a class=\"qodef-shortcode qodef-m qodef-qi-button qodef-html--link qodef-layout--filled qodef-type--standard qodef-icon--right qodef-hover--icon-move-horizontal-short\" href=\"https:\/\/chabommadeira.com\/fr\/lile-de-madere-un-paradis-tropical-dans-latlantique\/\" target=\"_self\">\t<span class=\"qodef-m-text\">Lire la suite<\/span>\t<\/a>\t<\/div>\n\t\t\t\t<\/div>\n\t\t\t\t\t<\/div>\n\t<\/div>\n<\/article>\n<article class=\"qodef-e qodef-blog-item qodef-grid-item qodef-item--full post-2322 post type-post status-publish format-standard has-post-thumbnail hentry category-blog-fr\">\n\t<div class=\"qodef-e-inner\">\n\t\t<div class=\"qodef-e-media-holder\">\n\t\t\t<div class=\"qodef-e-media\">\n\t\t<div class=\"qodef-e-media-image\">\n\t\t<a itemprop=\"url\" href=\"https:\/\/chabommadeira.com\/fr\/fruits-exotiques-de-lile-de-madere-un-paradis-tropical-dans-latlantique\/\">\n\t\t\t<img decoding=\"async\" width=\"2000\" height=\"1333\" src=\"https:\/\/chabommadeira.com\/wp-content\/uploads\/2024\/12\/Maracuja\u00a9Miguel-Moniz.jpg\" class=\"attachment-full size-full\" alt=\"\" srcset=\"https:\/\/chabommadeira.com\/wp-content\/uploads\/2024\/12\/Maracuja\u00a9Miguel-Moniz.jpg 2000w, https:\/\/chabommadeira.com\/wp-content\/uploads\/2024\/12\/Maracuja\u00a9Miguel-Moniz-300x200.jpg 300w, https:\/\/chabommadeira.com\/wp-content\/uploads\/2024\/12\/Maracuja\u00a9Miguel-Moniz-1024x682.jpg 1024w, https:\/\/chabommadeira.com\/wp-content\/uploads\/2024\/12\/Maracuja\u00a9Miguel-Moniz-768x512.jpg 768w, https:\/\/chabommadeira.com\/wp-content\/uploads\/2024\/12\/Maracuja\u00a9Miguel-Moniz-1536x1024.jpg 1536w, https:\/\/chabommadeira.com\/wp-content\/uploads\/2024\/12\/Maracuja\u00a9Miguel-Moniz-700x467.jpg 700w\" sizes=\"(max-width: 2000px) 100vw, 2000px\" \/>\t\t<\/a>\n\t\t\t<\/div>\n<\/div>\n\t\t<\/div>\n\t\t<div class=\"qodef-e-content\">\n\t\t\t\t\t\t<div class=\"qodef-e-text\">\n\t\t\t\t<h5 itemprop=\"name\" class=\"qodef-e-title entry-title\">\n\t<a itemprop=\"url\" class=\"qodef-e-title-link\" href=\"https:\/\/chabommadeira.com\/fr\/fruits-exotiques-de-lile-de-madere-un-paradis-tropical-dans-latlantique\/\">\n\t\tFruits exotiques de l&rsquo;\u00eele de Mad\u00e8re : Un paradis tropical dans l&rsquo;Atlantique\t<\/a>\n<\/h5>\n\t\t<p itemprop=\"description\" class=\"qodef-e-excerpt\">\n\t\t\tL&rsquo;\u00eele de Mad\u00e8re, r\u00e9put\u00e9e pour ses paysages \u00e0 couper le souffle et son climat subtropical, est un v\u00e9ritable tr\u00e9sor botanique. Ses conditions climatiques uniques cr\u00e9ent\t\t<\/p>\n\t\t\t\t<\/div>\n\t\t\t\t\t\t\t<div class=\"qodef-e-info qodef-info--bottom\">\n\t\t\t\t\t\t<div class=\"qodef-e-read-more\">\n\t\t<a class=\"qodef-shortcode qodef-m qodef-qi-button qodef-html--link qodef-layout--filled qodef-type--standard qodef-icon--right qodef-hover--icon-move-horizontal-short\" href=\"https:\/\/chabommadeira.com\/fr\/fruits-exotiques-de-lile-de-madere-un-paradis-tropical-dans-latlantique\/\" target=\"_self\">\t<span class=\"qodef-m-text\">Lire la suite<\/span>\t<\/a>\t<\/div>\n\t\t\t\t<\/div>\n\t\t\t\t\t<\/div>\n\t<\/div>\n<\/article>\n<article class=\"qodef-e qodef-blog-item qodef-grid-item qodef-item--full post-2287 post type-post status-publish format-standard has-post-thumbnail hentry category-blog-fr\">\n\t<div class=\"qodef-e-inner\">\n\t\t<div class=\"qodef-e-media-holder\">\n\t\t\t<div class=\"qodef-e-media\">\n\t\t<div class=\"qodef-e-media-image\">\n\t\t<a itemprop=\"url\" href=\"https:\/\/chabommadeira.com\/fr\/poncha-la-boisson-emblematique-de-madere\/\">\n\t\t\t<img decoding=\"async\" width=\"2560\" height=\"1707\" src=\"https:\/\/chabommadeira.com\/wp-content\/uploads\/2025\/02\/Poncha\u00a9Nuno-Andrade-scaled-1.jpeg\" class=\"attachment-full size-full\" alt=\"\" srcset=\"https:\/\/chabommadeira.com\/wp-content\/uploads\/2025\/02\/Poncha\u00a9Nuno-Andrade-scaled-1.jpeg 2560w, https:\/\/chabommadeira.com\/wp-content\/uploads\/2025\/02\/Poncha\u00a9Nuno-Andrade-scaled-1-300x200.jpeg 300w, https:\/\/chabommadeira.com\/wp-content\/uploads\/2025\/02\/Poncha\u00a9Nuno-Andrade-scaled-1-1024x683.jpeg 1024w, https:\/\/chabommadeira.com\/wp-content\/uploads\/2025\/02\/Poncha\u00a9Nuno-Andrade-scaled-1-768x512.jpeg 768w, https:\/\/chabommadeira.com\/wp-content\/uploads\/2025\/02\/Poncha\u00a9Nuno-Andrade-scaled-1-1536x1024.jpeg 1536w, https:\/\/chabommadeira.com\/wp-content\/uploads\/2025\/02\/Poncha\u00a9Nuno-Andrade-scaled-1-2048x1366.jpeg 2048w, https:\/\/chabommadeira.com\/wp-content\/uploads\/2025\/02\/Poncha\u00a9Nuno-Andrade-scaled-1-700x467.jpeg 700w\" sizes=\"(max-width: 2560px) 100vw, 2560px\" \/>\t\t<\/a>\n\t\t\t<\/div>\n<\/div>\n\t\t<\/div>\n\t\t<div class=\"qodef-e-content\">\n\t\t\t\t\t\t<div class=\"qodef-e-text\">\n\t\t\t\t<h5 itemprop=\"name\" class=\"qodef-e-title entry-title\">\n\t<a itemprop=\"url\" class=\"qodef-e-title-link\" href=\"https:\/\/chabommadeira.com\/fr\/poncha-la-boisson-emblematique-de-madere\/\">\n\t\tPoncha : la boisson embl\u00e9matique de Mad\u00e8re\t<\/a>\n<\/h5>\n\t\t<p itemprop=\"description\" class=\"qodef-e-excerpt\">\n\t\t\tLa poncha est une boisson alcoolis\u00e9e traditionnelle qui est devenue un symbole de la culture mad\u00e9rienne. Originaire de la ville de C\u00e2mara de Lobos, cette boisson a une riche his\t\t<\/p>\n\t\t\t\t<\/div>\n\t\t\t\t\t\t\t<div class=\"qodef-e-info qodef-info--bottom\">\n\t\t\t\t\t\t<div class=\"qodef-e-read-more\">\n\t\t<a class=\"qodef-shortcode qodef-m qodef-qi-button qodef-html--link qodef-layout--filled qodef-type--standard qodef-icon--right qodef-hover--icon-move-horizontal-short\" href=\"https:\/\/chabommadeira.com\/fr\/poncha-la-boisson-emblematique-de-madere\/\" target=\"_self\">\t<span class=\"qodef-m-text\">Lire la suite<\/span>\t<\/a>\t<\/div>\n\t\t\t\t<\/div>\n\t\t\t\t\t<\/div>\n\t<\/div>\n<\/article>\n\t<\/div>\n\t<\/div>\n\t\t\t\t<\/div>\n\t\t\t\t<\/div>\n\t\t\t\t\t<\/div>\n\t\t<\/div>\n\t\t\t\t\t<\/div>\n\t\t<\/section>\n\t\t<div class=\"elementor-element elementor-element-b9445b5 e-flex e-con-boxed parallax_section_no qode_elementor_container_no e-con e-parent\" data-id=\"b9445b5\" data-element_type=\"container\">\n\t\t\t\t\t<div class=\"e-con-inner\">\n\t\t\t\t<div class=\"elementor-element elementor-element-0b4cef2 elementor-widget elementor-widget-spacer\" data-id=\"0b4cef2\" data-element_type=\"widget\" data-widget_type=\"spacer.default\">\n\t\t\t\t<div class=\"elementor-widget-container\">\n\t\t\t\t\t\t\t<div class=\"elementor-spacer\">\n\t\t\t<div class=\"elementor-spacer-inner\"><\/div>\n\t\t<\/div>\n\t\t\t\t\t\t<\/div>\n\t\t\t\t<\/div>\n\t\t\t\t\t<\/div>\n\t\t\t\t<\/div>\n\t\t\t\t<\/div>\n\t\t","protected":false},"excerpt":{"rendered":"<p>BLOG Madeira Island: A Tropical Paradise in the Atlantic Madeira Island, known as the \u2018Pearl of the Atlantic\u2019, is a destination that enchants visitors with its exuberant beauty and unique tropical climate. Located off the north-west Read More Exotic Fruits of Madeira Island: A Tropical&#8230;<\/p>\n","protected":false},"author":1,"featured_media":0,"parent":0,"menu_order":0,"comment_status":"closed","ping_status":"closed","template":"full_width.php","meta":{"footnotes":""},"class_list":["post-2349","page","type-page","status-publish","hentry"],"_links":{"self":[{"href":"https:\/\/chabommadeira.com\/fr\/wp-json\/wp\/v2\/pages\/2349","targetHints":{"allow":["GET"]}}],"collection":[{"href":"https:\/\/chabommadeira.com\/fr\/wp-json\/wp\/v2\/pages"}],"about":[{"href":"https:\/\/chabommadeira.com\/fr\/wp-json\/wp\/v2\/types\/page"}],"author":[{"embeddable":true,"href":"https:\/\/chabommadeira.com\/fr\/wp-json\/wp\/v2\/users\/1"}],"replies":[{"embeddable":true,"href":"https:\/\/chabommadeira.com\/fr\/wp-json\/wp\/v2\/comments?post=2349"}],"version-history":[{"count":1,"href":"https:\/\/chabommadeira.com\/fr\/wp-json\/wp\/v2\/pages\/2349\/revisions"}],"predecessor-version":[{"id":2350,"href":"https:\/\/chabommadeira.com\/fr\/wp-json\/wp\/v2\/pages\/2349\/revisions\/2350"}],"wp:attachment":[{"href":"https:\/\/chabommadeira.com\/fr\/wp-json\/wp\/v2\/media?parent=2349"}],"curies":[{"name":"wp","href":"https:\/\/api.w.org\/{rel}","templated":true}]}}